{"id":3951,"date":"2021-01-16T17:19:22","date_gmt":"2021-01-16T17:19:22","guid":{"rendered":"http:\/\/bih-chm-cbd.ba\/?page_id=3951"},"modified":"2021-07-25T19:41:41","modified_gmt":"2021-07-25T19:41:41","slug":"zasticena-podrucja-u-bih","status":"publish","type":"page","link":"http:\/\/bih-chm-cbd.ba\/?page_id=3951&lang=bs","title":{"rendered":"ZP u BiH"},"content":{"rendered":"<div class=\"fusion-fullwidth fullwidth-box fusion-builder-row-1 fusion-flex-container nonhundred-percent-fullwidth non-hundred-percent-height-scrolling\" style=\"background-color: rgba(255,255,255,0);background-position: center center;background-repeat: no-repeat;border-width: 0px 0px 0px 0px;border-color:#eae9e9;border-style:solid;\" ><div class=\"fusion-builder-row fusion-row fusion-flex-align-items-flex-start\" style=\"max-width:1216.8px;margin-left: calc(-4% \/ 2 );margin-right: calc(-4% \/ 2 );\"><div class=\"fusion-layout-column fusion_builder_column fusion-builder-column-0 fusion_builder_column_1_1 1_1 fusion-flex-column\"><div class=\"fusion-column-wrapper fusion-flex-justify-content-flex-start fusion-content-layout-column\" style=\"background-position:left top;background-repeat:no-repeat;-webkit-background-size:cover;-moz-background-size:cover;-o-background-size:cover;background-size:cover;padding: 0px 0px 0px 0px;\"><div class=\"fusion-text fusion-text-1\"><p><strong>Za\u0161ti\u0107ena podru\u010dja u Bosni i Hercegovini<\/strong><\/p>\n<p>Bosna i Hercegovina (BiH) je zemlja bogate biolo\u0161ke raznolikosti  koju \u010dini preko 450 vrsta biljaka i drve\u0107a, te brojne vrste ptica i sisara, riba, gmazova, vodozemaca i sl. U zemlji se nalaze brojne endemske vrste i stani\u0161ta, kao i niz reliktnih ekosistema. Bilo\u0161ka raznolikost vrsta ima najvi\u0161i nivo endema u Evropi.<\/p>\n<p>Ipak Mre\u017ea za\u0161ti\u0107enog podru\u010dja (PA) je najmanja je u Evropi, pokrivaju\u0107i oko 2,7% teritorije. Sastoji se od 39 pojedina\u010dna podru\u010dja. Prvo za\u0161ti\u0107eno podru\u010dje je Nacionalni park \u201eSutjeska\u201c, koje je progla\u0161eno 1962. godine.<\/p>\n<p>Za\u0161ti\u0107ena podru\u010dija u BiH su registrovana i u Svjetskoj bazi za\u0161ti\u0107enih podru\u010dja- WDPA (World Database on Protected Area). <a href=\"https:\/\/www.protectedplanet.net\/en\/search-areas?geo_type=site&amp;filters%5Blocation%5D%5Btype%5D=country&amp;filters%5Blocation%5D%5Boptions%5D%5B%5D=Bosnia+and+Herzegovina\">Link za WDPA!  <\/a><\/p><\/p>\n<\/div><\/div><\/div><style type=\"text\/css\">.fusion-body .fusion-builder-column-0{width:100% !important;margin-top : 0px;margin-bottom : 20px;}.fusion-builder-column-0 > .fusion-column-wrapper {padding-top : 0px !important;padding-right : 0px !important;margin-right : 1.92%;padding-bottom : 0px !important;padding-left : 0px !important;margin-left : 1.92%;}@media only screen and (max-width:1024px) {.fusion-body .fusion-builder-column-0{width:100% !important;order : 0;}.fusion-builder-column-0 > .fusion-column-wrapper {margin-right : 1.92%;margin-left : 1.92%;}}@media only screen and (max-width:640px) {.fusion-body .fusion-builder-column-0{width:100% !important;order : 0;}.fusion-builder-column-0 > .fusion-column-wrapper {margin-right : 1.92%;margin-left : 1.92%;}}<\/style><div class=\"fusion-layout-column fusion_builder_column fusion-builder-column-1 fusion_builder_column_1_2 1_2 fusion-flex-column\"><div class=\"fusion-column-wrapper fusion-flex-justify-content-flex-start fusion-content-layout-column\" style=\"background-position:left top;background-repeat:no-repeat;-webkit-background-size:cover;-moz-background-size:cover;-o-background-size:cover;background-size:cover;padding: 0px 0px 0px 0px;\"><div class=\"fusion-text fusion-text-2\"><h4><strong>Informacioni sistem za\u0161tite prirode Federacije Bosne i Hercegovine<\/strong><\/h4>\n<p><a href=\"http:\/\/e-prirodafbih.ba\/\">www.e-prirodafbih.ba<\/a><\/p>\n<h4><strong>Za\u0161ti\u0107ena podru\u010dja u Federaciji Bosne i Hercegovine<\/strong><\/h4>\n<ol>\n<li>Nacionalni park \u201eUna\u201c<\/li>\n<li>Spomenik prirode \u201eVodopad Skakavac\u201c<\/li>\n<li>Spomenik prirode \u201eProko\u0161ko jezero\u201c<\/li>\n<li>Spomenik prirode \u201eVrelo Bosne\u201c<\/li>\n<li>Spomenik prirode \u201eTajan\u201c<\/li>\n<li>Za\u0161ti\u0107eni pejza\u017e \u201eBijambare\u201c<\/li>\n<li>Za\u0161ti\u0107eni pejza\u017e \u201eKonjuh\u201c<\/li>\n<li>Za\u0161ti\u0107eni pejza\u017e \u201ePark prirode Blidinje\u201c<\/li>\n<li>Za\u0161ti\u0107eni pejza\u017e \u201eBentba\u0161a\u201c<\/li>\n<li>Za\u0161ti\u0107eni pejza\u017e \u201eTrebevi\u0107\u201c<\/li>\n<li>Za\u0161ti\u0107eni pejza\u017e \u201eVjeternica\u201c<\/li>\n<li>Za\u0161ti\u0107eni pejza\u017e \u201e Hutovo Blato (Ramsar Site)\u201c<\/li>\n<\/ol>\n<p>Vi\u0161e o za\u0161ti\u0107enim podru\u010djima u Federaciji Bosne i Hercegovine mo\u017eete na\u0107i na sljede\u0107em <a href=\"https:\/\/www.fmoit.gov.ba\/bs\/okolis\/zastita-prirode\/zasticeni-dijelovi-prirode\">linku.<\/a><\/p>\n<\/div><\/div><\/div><style type=\"text\/css\">.fusion-body .fusion-builder-column-1{width:50% !important;margin-top : 0px;margin-bottom : 20px;}.fusion-builder-column-1 > .fusion-column-wrapper {padding-top : 0px !important;padding-right : 0px !important;margin-right : 3.84%;padding-bottom : 0px !important;padding-left : 0px !important;margin-left : 3.84%;}@media only screen and (max-width:1024px) {.fusion-body .fusion-builder-column-1{width:100% !important;order : 0;}.fusion-builder-column-1 > .fusion-column-wrapper {margin-right : 1.92%;margin-left : 1.92%;}}@media only screen and (max-width:640px) {.fusion-body .fusion-builder-column-1{width:100% !important;order : 0;}.fusion-builder-column-1 > .fusion-column-wrapper {margin-right : 1.92%;margin-left : 1.92%;}}<\/style><div class=\"fusion-layout-column fusion_builder_column fusion-builder-column-2 fusion_builder_column_1_2 1_2 fusion-flex-column\"><div class=\"fusion-column-wrapper fusion-flex-justify-content-flex-start fusion-content-layout-column\" style=\"background-position:left top;background-repeat:no-repeat;-webkit-background-size:cover;-moz-background-size:cover;-o-background-size:cover;background-size:cover;padding: 0px 0px 0px 0px;\"><div class=\"fusion-text fusion-text-3\"><h4 data-fontsize=\"18\" data-lineheight=\"33.66px\" class=\"fusion-responsive-typography-calculated\" style=\"--fontSize:18; line-height: 1.87; --minFontSize:18;\"><strong>Informacioni sistem za\u0161tite prirode Republike Srpske<\/strong><\/h4>\n<p><a href=\"http:\/\/e-priroda.rs.ba\/\">www.e-priroda.rs.ba<\/a><\/p>\n<h4 data-fontsize=\"18\" data-lineheight=\"33.66px\" class=\"fusion-responsive-typography-calculated\" style=\"--fontSize:18; line-height: 1.87; --minFontSize:18;\"><strong>Za\u0161ti\u0107ena podru\u010dja u Republici Srpskoj<\/strong><\/h4>\n<ol>\n<li>Strogi rezervat prirode \u201ePra\u0161uma Lom\u201c<\/li>\n<li>Strogi rezervat prirode \u201ePra\u0161uma Janj\u201c<\/li>\n<li>Nacionalni park  \u201eSutjeska\u201c<\/li>\n<li>Nacionalni park \u201eKozara\u201c<\/li>\n<li>Nacionalni park \u201eDrina\u201c<\/li>\n<li>Spomenik prirode \u201ePe\u0107ina Luba\u010devo\u201c<\/li>\n<li>Spomenik prirode \u201e\u017duta Bukva\u201c<\/li>\n<li>Spomenik prirode \u201ePe\u0107ina Orlova\u010da\u201c<\/li>\n<li>Spomenik prirode \u201ePe\u0107ina Rastu\u0161a\u201c<\/li>\n<li>Spomenik prirode \u201ePe\u0107ina Ledenja\u010da\u201c<\/li>\n<li>Spomenik prirode \u201eVelika pe\u0107ina\u201c<\/li>\n<li>Spomenik prirode \u201ePe\u0107ina Pod Lipom&#8221;<\/li>\n<li>Spomenik prirode \u201eGirska pe\u0107ina\u201c<\/li>\n<li>Spomenik prirode \u201eJama Ledana\u201c<\/li>\n<li>Spomenik prirode \u201eVaganska pe\u0107ina\u201c<\/li>\n<li>Spomenik prirode \u201ePe\u0107ina \u0110atlo\u201c<\/li>\n<li>Spomenik prirode \u201ePavlova pe\u0107ina\u201c<\/li>\n<li>Spomenik prirode \u201eLijev\u010danski knez&#8221;<\/li>\n<li>Spomenik prirode \u201ePe\u0107ina Kuk&#8221;<\/li>\n<li>Za\u0161ti\u0107eno stani\u0161te \u201eGromi\u017eelj&#8221;<\/li>\n<li>Za\u0161ti\u0107eno stani\u0161te \u201eTi\u0161ina&#8221;<\/li>\n<li>Park prirode \u201cUna\u201c<\/li>\n<li>Park prirode \u201eCicelj\u201c<\/li>\n<li>Park prirode \u201eOrjen&#8221;<\/li>\n<li>Za\u0161ti\u0107eno podru\u010dje za odr\u017eivo upravljanje prirodnim resursima\u201cUniverzitetski grad&#8221;<\/li>\n<li>Za\u0161ti\u0107eno podru\u010dje za odr\u017eivo upravljanje prirodnim resursima &#8211; Park-\u0161uma \u201eSlatina\u201d<\/li>\n<li>Za\u0161ti\u0107eno podru\u010dje za odr\u017eivo upravljanje prirodnim resursima &#8211; Park \u0161uma &#8220;Jeli\u0107a brdo&#8221;<\/li>\n<li>Park prirode &#8220;Pra\u010da&#8221;<\/li>\n<\/ol>\n<p>Vi\u0161e o za\u0161ti\u0107enim podru\u010djima u Republici Srpskoj mo\u017eete na\u0107i na sljede\u0107em <a href=\"https:\/\/nasljedje.org\/registar-zasticenih-prirodnih-dobara\/\">linku.<\/a><\/p>\n<\/div><\/div><\/div><style type=\"text\/css\">.fusion-body .fusion-builder-column-2{width:50% !important;margin-top : 0px;margin-bottom : 20px;}.fusion-builder-column-2 > .fusion-column-wrapper {padding-top : 0px !important;padding-right : 0px !important;margin-right : 3.84%;padding-bottom : 0px !important;padding-left : 0px !important;margin-left : 3.84%;}@media only screen and (max-width:1024px) {.fusion-body .fusion-builder-column-2{width:100% !important;order : 0;}.fusion-builder-column-2 > .fusion-column-wrapper {margin-right : 1.92%;margin-left : 1.92%;}}@media only screen and (max-width:640px) {.fusion-body .fusion-builder-column-2{width:100% !important;order : 0;}.fusion-builder-column-2 > .fusion-column-wrapper {margin-right : 1.92%;margin-left : 1.92%;}}<\/style><\/div><style type=\"text\/css\">.fusion-body .fusion-flex-container.fusion-builder-row-1{ padding-top : 0px;margin-top : 0px;padding-right : 0px;padding-bottom : 0px;margin-bottom : 0px;padding-left : 0px;}<\/style><\/div>\n","protected":false},"excerpt":{"rendered":"","protected":false},"author":1,"featured_media":0,"parent":0,"menu_order":0,"comment_status":"closed","ping_status":"closed","template":"","meta":{"_bbp_topic_count":0,"_bbp_reply_count":0,"_bbp_total_topic_count":0,"_bbp_total_reply_count":0,"_bbp_voice_count":0,"_bbp_anonymous_reply_count":0,"_bbp_topic_count_hidden":0,"_bbp_reply_count_hidden":0,"_bbp_forum_subforum_count":0},"_links":{"self":[{"href":"http:\/\/bih-chm-cbd.ba\/index.php?rest_route=\/wp\/v2\/pages\/3951"}],"collection":[{"href":"http:\/\/bih-chm-cbd.ba\/index.php?rest_route=\/wp\/v2\/pages"}],"about":[{"href":"http:\/\/bih-chm-cbd.ba\/index.php?rest_route=\/wp\/v2\/types\/page"}],"author":[{"embeddable":true,"href":"http:\/\/bih-chm-cbd.ba\/index.php?rest_route=\/wp\/v2\/users\/1"}],"replies":[{"embeddable":true,"href":"http:\/\/bih-chm-cbd.ba\/index.php?rest_route=%2Fwp%2Fv2%2Fcomments&post=3951"}],"version-history":[{"count":18,"href":"http:\/\/bih-chm-cbd.ba\/index.php?rest_route=\/wp\/v2\/pages\/3951\/revisions"}],"predecessor-version":[{"id":4162,"href":"http:\/\/bih-chm-cbd.ba\/index.php?rest_route=\/wp\/v2\/pages\/3951\/revisions\/4162"}],"wp:attachment":[{"href":"http:\/\/bih-chm-cbd.ba\/index.php?rest_route=%2Fwp%2Fv2%2Fmedia&parent=3951"}],"curies":[{"name":"wp","href":"https:\/\/api.w.org\/{rel}","templated":true}]}}