{"id":3717,"date":"2020-10-14T23:17:10","date_gmt":"2020-10-14T23:17:10","guid":{"rendered":"http:\/\/bih-chm-cbd.ba\/?page_id=3717"},"modified":"2021-01-31T16:10:34","modified_gmt":"2021-01-31T16:10:34","slug":"pravni-okvir","status":"publish","type":"page","link":"http:\/\/bih-chm-cbd.ba\/?page_id=3717&lang=bs","title":{"rendered":"Pravni okvir"},"content":{"rendered":"<div class=\"fusion-fullwidth fullwidth-box fusion-builder-row-1 fusion-flex-container nonhundred-percent-fullwidth non-hundred-percent-height-scrolling\" style=\"background-color: rgba(255,255,255,0);background-position: center center;background-repeat: no-repeat;border-width: 0px 0px 0px 0px;border-color:#eae9e9;border-style:solid;\" ><div class=\"fusion-builder-row fusion-row fusion-flex-align-items-flex-start\" style=\"max-width:1216.8px;margin-left: calc(-4% \/ 2 );margin-right: calc(-4% \/ 2 );\"><div class=\"fusion-layout-column fusion_builder_column fusion-builder-column-0 fusion_builder_column_1_2 1_2 fusion-flex-column\"><div class=\"fusion-column-wrapper fusion-flex-justify-content-flex-start fusion-content-layout-column\" style=\"background-position:left top;background-repeat:no-repeat;-webkit-background-size:cover;-moz-background-size:cover;-o-background-size:cover;background-size:cover;padding: 0px 0px 0px 0px;\"><div class=\"fusion-text fusion-text-1\" style=\"color:#000000;\"><h4 class=\"normal fusion-responsive-typography-calculated\" data-fontsize=\"18\" data-lineheight=\"33.66px\" style=\"--fontSize:18; line-height: 1.87; --minFontSize:18;\"><strong><span lang=\"EN-GB\">Pravni okvir u Bosni i Hercegovini<\/span><\/strong><\/h4>\n<p>Zakon o genetski modificiranim organizmima (\u201eSlu\u017ebeni glasnik BiH\u201d broj <a href=\"http:\/\/bih-chm-cbd.ba\/wp-content\/uploads\/2021\/01\/PdfDownload-1.pdf\">23\/09<\/a>)<br \/>\nZakon o za\u0161titi i dobrobiti \u017eivotinja (&#8220;Slu\u017ebeni glasnik BiH&#8221; broj <a href=\"http:\/\/bih-chm-cbd.ba\/wp-content\/uploads\/2021\/01\/PdfDownload-2.pdf\">25\/09<\/a>)<br \/>\nZakon o za\u0161titi zdravlja bilja (&#8220;Slu\u017ebeni glasnik BiH&#8221; broj <a href=\"http:\/\/bih-chm-cbd.ba\/wp-content\/uploads\/2021\/01\/PdfDownload-3.pdf\">23\/03<\/a>)<br \/>\nZakon o poljoprivredi prehrani i ruralnom razvoju Bosne i Hercegovine (\u201eSl.glasnik BiH \u201c br. <a href=\"http:\/\/bih-chm-cbd.ba\/wp-content\/uploads\/2021\/01\/PdfDownload-4.pdf\">50\/08<\/a>)<br \/>\nOdluku o uvjetima i na\u010dinu provedbe Konvencije o me\u0111unarodnoj trgovini ugro\u017eenim vrstama divljih \u017eivotinja i biljaka u Bosni i Hercegovini (CITES) (\u201eSl.glasnik BiH \u201c br. <a href=\"http:\/\/www.sluzbenilist.ba\/page\/akt\/nQBBfp1J1ow=\">31\/18<\/a>)<br \/>\nStrategija i Akcioni plan za za\u0161titu biolo\u0161ke raznolikosti Bosne i Hercegovine (2015-2020). <a href=\"http:\/\/bih-chm-cbd.ba\/wp-content\/uploads\/2021\/01\/CC-LAT-publish-on-WEB.pdf\">Preuzmi!<\/a><br \/>\nStrategija prilago\u0111avanja na klimatske promjene i niskoemisionog razvoja za Bosnu i Hercegovinu. <a href=\"http:\/\/bih-chm-cbd.ba\/wp-content\/uploads\/2021\/01\/CC-LAT-publish-on-WEB.pdf\">Preuzmi!<\/a><br \/>\nAkcioni program za borbu protiv degradacije zemlji\u0161ta i ubla\u017eavanja posljedica su\u0161e u BiH. <a href=\"http:\/\/bih-chm-cbd.ba\/wp-content\/uploads\/2020\/11\/1-Akcioni-plan-BOS-r.pdf\">Preuzmi!<\/a><\/p>\n<h5 data-fontsize=\"16\" data-lineheight=\"29.6px\" class=\"fusion-responsive-typography-calculated\" style=\"--fontSize:16; line-height: 1.85; --minFontSize:16;\"><strong>Federacija Bosne i Hercegovine<\/strong><\/h5>\n<p>Zakon o za\u0161titi prirode FBIH (\u201eSlu\u017ebene novine FBiH\u201c<a href=\"https:\/\/www.fmoit.gov.ba\/upload\/file\/okolis\/Zakon%20o%20za%C5%A1titi%20prirode%20Sl.%20nov%20F%20BIH%2066-13.pdf\">broj 66\/13<\/a>)<br \/>\nZakon o za\u0161titi okoli\u0161a FBiH (\u201eSlu\u017ebene novine FBiH\u201cbroj <a href=\"https:\/\/www.fmoit.gov.ba\/upload\/file\/ZOZO%20(1).pdf\">33\/03<\/a> i <a href=\"https:\/\/www.fmoit.gov.ba\/upload\/file\/izmjene%20ZOZO%20(1).pdf\">38\/09<\/a>)<br \/>\nZakon o vodama (\u201eSlu\u017ebene novine FBiH\u201c br. <a href=\"https:\/\/fmpvs.gov.ba\/vode-zakoni\/\">70\/06<\/a>)<br \/>\nZakon o upravljanju otpadom (\u201eSlu\u017ebene novine Federacije BiH\u201c broj <a href=\"https:\/\/www.fmoit.gov.ba\/upload\/file\/Zakon%20o%20upravljanju%20otpadom%2033%2003_.pdf\">33\/03,<\/a> <a href=\"https:\/\/www.fmoit.gov.ba\/upload\/file\/okolis\/z%20o%20upr%20otpad%2072-09-1-2-Copy.pdf\">72\/09<\/a> i <a href=\"https:\/\/www.fmoit.gov.ba\/upload\/file\/okolis\/z%20o%20upr.%20otpad%2097-17-2.pdf\">92\/17<\/a>)<br \/>\nZakon o Fondu za za\u0161titu okoli\u0161a FBiH broj (\u201eSlu\u017ebene novine Federacije BiH\u201c broj <a href=\"http:\/\/bih-chm-cbd.ba\/wp-content\/uploads\/2021\/01\/ZAKON-O-FONDU-ZA-ZASTITU-OKOLISA-2.pdf\">33\/03<\/a>)<br \/>\nZakon o Nacionalnom parku \u201cUna\u201d (\u201eSlu\u017ebene novine Federacije BiH\u201c  br. <a href=\"http:\/\/bih-chm-cbd.ba\/wp-content\/uploads\/2021\/01\/una-44_08.pdf\">44\/08<\/a>)<br \/>\nPravilnik o mjerama za\u0161tite za strogo za\u0161ti\u0107ene i za\u0161ti\u0107ene vrste i podvrste i za\u0161ti\u0107ene vrste i podvrste (\u201eSlu\u017ebene novine Federacije BiH\u201c broj <a href=\"http:\/\/bih-chm-cbd.ba\/wp-content\/uploads\/2021\/01\/PRAVILNIK-O-ZASTITE-ZA-STROGO-ZASTICENE-VRSTE-I-PODVRSTE-I-ZASTICENE-VRSTE-I-PODVRSTE-21_20.pdf\">21\/20<\/a>)<br \/>\nPravilnik o na\u010dinu provo\u0111enja procjene rizika i izrade studije procjene rizika uvo\u0111enja ponovnog uvo\u0111enja i uzgoja stranih svojti i postupak izdavanja dozvole za uno\u0161enje stranih svojti u Federaciju Bosne i Hercegovine (\u201eSlu\u017ebene novine Federacije BiH\u201c broj: <a href=\"http:\/\/bih-chm-cbd.ba\/wp-content\/uploads\/2021\/01\/PRAVILNIK-O-NACINU-PROVODENJA-PROCJENE-RIZIKA-I-IZRADE-STUDIJE-PROCJENE-RIZIKA-UVODENJA-102_15.pdf\">102\/15<\/a>  i <a href=\"http:\/\/bih-chm-cbd.ba\/wp-content\/uploads\/2021\/01\/PRAVILNIK-O-DOPUNAMA-PRAVILNIKA-O-NACINU-PROVODENJA-PROCJENE-RIZIKA-78_19.pdf\">78\/19<\/a>)<br \/>\nUredba o organizaciji na\u010dinu rada i ovlastima nadzorni\u010dke slu\u017ebe za\u0161tite prirode (\u201eSlu\u017ebene novine Federacije BiH\u201c  br. <a href=\"http:\/\/bih-chm-cbd.ba\/wp-content\/uploads\/2021\/01\/UREDBU-O-ORGANIZACIJI-NACINU-RADA-I-OVLASTIMA-NADZORNICKE-SLUZBE-ZASTITE-PRIRODE-14_16.pdf\">14\/16<\/a>)<br \/>\nCrvena lista ugro\u017eenih divljih vrsta i podvrsta biljaka \u017eivotinja i gljiva (\u201eSlu\u017ebene novine Federacije BiH\u201c broj: <a href=\"http:\/\/bih-chm-cbd.ba\/wp-content\/uploads\/2021\/01\/7__Crvena-lista-ugrozenih-divljih-vrsta-i-podvrsta-biljaka-zivotinja-i-gljiva-Sluzbene-novine-Federacije-BiH-broj-7_14.pdf\">7\/14<\/a>)<br \/>\nUredba NATURA 2000 \u2013 za\u0161ti\u0107ena podru\u010dja u Europi (\u201eSlu\u017ebene novine Federacije BiH\u201c br. <a href=\"http:\/\/bih-chm-cbd.ba\/wp-content\/uploads\/2021\/01\/6__Uredba-NATURA-2000-\u2013-zasticena-podrucja-u-Europi-Sluzbene-novine-Federacije-BiH-broj-41_11.pdf\">41\/11<\/a>)<br \/>\nPravilnik o sadr\u017eaju i na\u010dinu vo\u0111enja registra za\u0161ti\u0107enih podru\u010dja (\u201eSlu\u017ebene novine Federacije BiH\u201c broj <a href=\"http:\/\/bih-chm-cbd.ba\/wp-content\/uploads\/2021\/01\/5__Pravilnik-o-sadrzaju-i-nacinu-vodenja-registra-zasticenih-podrucja-Sluzbene-novine-Federacije-BiH-broj-69_06.pdf\">69\/06<\/a>)<br \/>\nPravilnik o uvjetima pristupa za\u0161ti\u0107enom podru\u010dju (\u201eSlu\u017ebene novine Federacije BiH\u201c broj <a href=\"http:\/\/bih-chm-cbd.ba\/wp-content\/uploads\/2021\/01\/4__Pravilnik-o-uvjetima-pristupa-zasticenom-podrucju-Sluzbene-novine-Federacije-BiH-broj-69_06.pdf\">69\/06<\/a>)<br \/>\nPravilnik o novim mjerama za istra\u017eivanje ili o\u010duvanje kako bi se sprije\u010dio zna\u010dajan negativan uticaj na vrste namjernim hvatanjem ili ubijanjem vrsta (\u201eSlu\u017ebene novine Federacije BiH\u201c broj <a href=\"http:\/\/bih-chm-cbd.ba\/wp-content\/uploads\/2021\/01\/pravilnik-o-novim-mjerama-za-istrazivanje-kako-bi-sprijecio-negativan-utjecaj-65-06.pdf\">65\/06<\/a>)<br \/>\nPravilnik o sadr\u017eaju i na\u010dinu izrade plana upravljanja za\u0161ti\u0107enim podru\u010djima (\u201eSlu\u017ebene novine Federacije BiH\u201c broj <a href=\"http:\/\/bih-chm-cbd.ba\/wp-content\/uploads\/2021\/01\/3__Pravilnik-o-sadrzaju-i-nacinu-izrade-plana-upravljanja-zasticenim-podrucjima-Sluzbene-novine-Federacije-BiH-broj-65_06.pdf\">65\/06<\/a>)<br \/>\nPravilnik o uspostavljanju sistema pra\u0107enja namjernog dr\u017eanja i ubijanja za\u0161ti\u0107enih \u017eivotinja (\u201eSlu\u017ebene novine Federacije BiH broj <a href=\"http:\/\/bih-chm-cbd.ba\/wp-content\/uploads\/2021\/01\/2__Pravilnik-o-uspostavljanju-Sluzbene-novine-Federacije-BiH-broj-46_051.pdf\">46\/05<\/a>)<br \/>\nPravilnik o uspostavljanju i upravljanju informacionim sistemom za za\u0161titu prirode i vre\u0161enje monitoringa (\u201eSlu\u017ebene novine Federacije BiH broj <a href=\"http:\/\/bih-chm-cbd.ba\/wp-content\/uploads\/2021\/01\/8_-Pravilnik-o-uspostavljanju-i-upravljanju-informacionim-sistemom-za-zastitu-prirode-i-vresenje-monitoringa-Sluzbene-novine-Federacije-BiH-broj-46_05.pdf\">46\/05<\/a>)<br \/>\nStrategija za\u0161tite okoli\u0161a Federacije BiH 2008 \u2013 2018. <a href=\"http:\/\/bih-chm-cbd.ba\/wp-content\/uploads\/2021\/01\/Strategija-zastite-okolisa-FBiH-1.pdf\">Preuzmi!<\/a><br \/>\nStrategija upravljanja vodama Federacije BiH 2010 \u2013 2022. <a href=\"http:\/\/bih-chm-cbd.ba\/wp-content\/uploads\/2021\/01\/strategija_vode.pdf\">Preuzmi!<\/a><br \/>\nLista invazivnih vrsta u Federaciji Bosne i Hercegovine 2019. <a href=\"http:\/\/bih-chm-cbd.ba\/wp-content\/uploads\/2021\/01\/Lista-invazivnh-vrsta.pdf\">Preuzmi!<\/a><\/p>\n<h4 class=\"normal fusion-responsive-typography-calculated\" style=\"text-align: justify; line-height: 1.03; --fontSize:18; --minFontSize:18;\" data-fontsize=\"18\" data-lineheight=\"18.54px\"><strong><span lang=\"EN-GB\">Republika Srpska<\/span><\/strong><\/h4>\n<p>Zakon o za\u0161titi prirode RS (\u201eSlu\u017ebeni glasnik RS\u201c <a href=\"http:\/\/www.nasljedje.org\/docs\/pdf\/Zakon_o_zastiti_prirode_20_14.pdf\">broj 20\/14<\/a>)<br \/>\nZakon o za\u0161titi \u017eivotne sredine (\u201eSlu\u017ebeni glasnik RS broj <a href=\"http:\/\/www.nasljedje.org\/docs\/pdf\/ZOZZS_ID_79_15.pdf\">71\/12<\/a>, <a href=\"http:\/\/www.nasljedje.org\/docs\/pdf\/ZOZZS_ID_79_15.pdf\">79\/15<\/a>, <a href=\"https:\/\/nasljedje.org\/wp-content\/uploads\/2020\/10\/ZOZZS_ID_70_20.pdf\">70\/20<\/a>)<br \/>\nZakon o nacionalnim parkovima (\u201eSlu\u017ebeni glasnik RS broj <a href=\"http:\/\/www.nasljedje.org\/images\/stories\/Zakon_o_nacionalnim_parkovima.pdf\">75\/10<\/a>)<br \/>\nZakon o vodama (\u201eSlu\u017ebeni glasnik RSbroj <a href=\"http:\/\/www.voders.org\/images\/PDF\/zakoni\/zakon_o_vodama_preciscen.pdf?lang=lat\">50\/06 i 92\/09<\/a>, <a href=\"http:\/\/www.voders.org\/images\/PDF\/zakoni\/Zakon121_12b.pdf?lang=lat\">121\/12<\/a>)<br \/>\nZakon o \u0161umama (\u201eSlu\u017ebeni glasnik RS broj <a href=\"https:\/\/www.vladars.net\/sr-SP-Cyrl\/Vlada\/Ministarstva\/mps\/Documents\/Zakon%20o%20sumama%2017%2010%2009.pdf\">75\/08<\/a>, <a href=\"https:\/\/www.vladars.net\/sr-SP-Cyrl\/Vlada\/Ministarstva\/mps\/%D0%B1%D0%BE%D1%98%D0%B0%D0%BD\/Documents\/%D0%97%D0%B0%D0%BA%D0%BE%D0%BD%20%D0%BE%20%D0%B8%D0%B7%D0%BC%D1%98%D0%B5%D0%BD%D0%B0%D0%BC%D0%B0%20%D0%97%D0%B0%D0%BA%D0%BE%D0%BD%D0%B0.pdf\">60\/13<\/a>)<br \/>\nZakon o lovstvu (\u201eSlu\u017ebeni glasnik RS broj <a href=\"https:\/\/www.vladars.net\/sr-SP-Cyrl\/Vlada\/Ministarstva\/mps\/%D0%B1%D0%BE%D1%98%D0%B0%D0%BD\/Documents\/Zakon%20o%20lovstvu.pdf\">9\/60<\/a>)<br \/>\nZakon o upravljanju otpadom (\u201eSlu\u017ebeni glasnik RS broj <a href=\"http:\/\/ekofondrs.org\/sadrzaj\/dokumenti\/zakonski_okvir\/zakon_o_upravljanju_otpadom.pdf\">18\/13<\/a>)<br \/>\nZakon o Fondu i finansiranju za\u0161tite \u017eivotne sredine Republike Srpske (\u201eSlu\u017ebeni glasnik RS broj <a href=\"http:\/\/ekofondrs.org\/sadrzaj\/dokumenti\/zakonski_okvir\/zakon-o-fondu-sg-117-2011.pdf\">117\/11<\/a>, <a href=\"http:\/\/ekofondrs.org\/sadrzaj\/dokumenti\/zakonski_okvir\/izmjena-dopuna-zakona-sg-63-2014.pdf\">63\/14<\/a>, <a href=\"http:\/\/ekofondrs.org\/sadrzaj\/dokumenti\/zakonski_okvir\/izmjene_i_dopune_zakona_o_fondu_sg_90_2016.pdf\">90\/16<\/a>)<br \/>\nZakon o Nacionalnim parkovima (\u201cSlu\u017ebeni glasnik Republike Srpske\u201d broj <a href=\"http:\/\/bih-chm-cbd.ba\/wp-content\/uploads\/2021\/01\/1Zakon-o-Nacionalnim-parkovima-RS.pdf\">75\/10<\/a>)<br \/>\nZakon o Nacionalnom parku \u201eDrina\u201c (\u201cSlu\u017ebeni glasnik Republike Srpske\u201d broj <a href=\"http:\/\/bih-chm-cbd.ba\/wp-content\/uploads\/2021\/01\/2zakon_o_np_drina.pdf\">63\/17<\/a>)<br \/>\nZakon o Nacionalnom parku \u201eKozara\u201c (\u201cSlu\u017ebeni glasnik Republike Srpske\u201d broj <a href=\"http:\/\/bih-chm-cbd.ba\/wp-content\/uploads\/2021\/01\/3zakon_o_np_kozara.pdf\">121\/12<\/a>)<br \/>\nZakon o Nacionalnom parku \u201eSutjeska\u201c  (\u201cSlu\u017ebeni glasnik Republike Srpske\u201d broj <a href=\"http:\/\/bih-chm-cbd.ba\/wp-content\/uploads\/2021\/01\/4zakon_o_np_sutjeska.pdf\" target=\"_blank\" rel=\"noopener noreferrer\">121\/12<\/a>)<br \/>\nUredba o strogo za\u0161ti\u0107enim i za\u0161ti\u0107enim divljim vrstama (\u201cSlu\u017ebeni glasnik Republike Srpske\u201d broj <a href=\"http:\/\/bih-chm-cbd.ba\/wp-content\/uploads\/2021\/01\/uredba_o_strogo_zasticenim_i_zasticenim_divljim_vrstama-65-20.pdf\" target=\"_blank\" rel=\"noopener noreferrer\">65\/20<\/a>)<br \/>\nPravilnik o na\u010dinu obilje\u017eavanja za\u0161ti\u0107enih podru\u010dja (\u201cSlu\u017ebeni glasnik Republike Srpske\u201d broj <a href=\"http:\/\/bih-chm-cbd.ba\/wp-content\/uploads\/2021\/01\/6aPravilnik_o_nacinu_obiljezavanja_zasticenih_podrucja3-18.pdf\" target=\"_blank\" rel=\"noopener noreferrer\">3\/18<\/a>, <a href=\"http:\/\/bih-chm-cbd.ba\/wp-content\/uploads\/2021\/01\/6bPravilnik_o_izmjeni_i_dopuni_Pravilnika_o_nacinu_obiljezavanja_zasticenih_podrucja.pdf\" target=\"_blank\" rel=\"noopener noreferrer\">116\/20<\/a>)<br \/>\nPravilnik o uslovima koje treba da ispunjava upravlja\u010d za\u0161ti\u0107enog podru\u010dja (\u201cSlu\u017ebeni glasnik Republike Srpske\u201d broj <a href=\"http:\/\/bih-chm-cbd.ba\/wp-content\/uploads\/2021\/01\/7Pravilnik_o_uslovima_koje_treba_da_ispunjava_upravljac_zasticenog_podrucja65-19.pdf\" target=\"_blank\" rel=\"noopener noreferrer\">65\/19<\/a>)<br \/>\nPravilnik o specijalnim tehni\u010dko-tehnolo\u0161kim rje\u0161enjima koja omogu\u0107avaju nesmetanu i sigurnu komunikaciju divljih \u017eivotinja (\u201cSlu\u017ebeni glasnik Republike Srpske\u201d broj <a href=\"http:\/\/bih-chm-cbd.ba\/wp-content\/uploads\/2021\/01\/8Pravilnik-o-spec-tt-rjesenjima-za-kom-divljih-zivotinja66-17.pdf\" target=\"_blank\" rel=\"noopener noreferrer\">66\/17<\/a>)<br \/>\nPravilnik  o izgledu znaka za\u0161tite prirode postupku i uslovima za njegovo kori\u0161\u0107enje (\u201cSlu\u017ebeni glasnik Republike Srpske\u201d broj <a href=\"http:\/\/bih-chm-cbd.ba\/wp-content\/uploads\/2021\/01\/9Pravilnik_o_izgledu_znaka_zastite_prirode_postupku_i_uslovima_za_njegovo_koriscenje.pdf\" target=\"_blank\" rel=\"noopener noreferrer\">50\/16<\/a>)<br \/>\nPravilnik o registru za\u0161ti\u0107enih prirodnih dobara (\u201cSlu\u017ebeni glasnik Republike Srpske\u201d <a href=\"http:\/\/bih-chm-cbd.ba\/wp-content\/uploads\/2021\/01\/10Pravilnik_o_registru_zasticenih_prirodnih_dobara-55-15.pdf\" target=\"_blank\" rel=\"noopener noreferrer\">55\/15<\/a>)<br \/>\nPravilnik o sadr\u017eaju utvr\u0111ivanju i  sprovo\u0111enju mjera upravljanja u za\u0161ti\u0107enim podru\u010djima (\u201cSlu\u017ebeni glasnik Republike Srpske\u201d <a href=\"http:\/\/bih-chm-cbd.ba\/wp-content\/uploads\/2021\/01\/11Pravilnik_o_sadrzaju_utvrdjivanju_i_nacinu_sprovodjenja_mjera_upravljanja_u_zasticenim_podrucjima83-15.pdf\" target=\"_blank\" rel=\"noopener noreferrer\">83\/15<\/a>)<br \/>\nUredba o crvenoj listi za\u0161ti\u0107enih vrsta flore i faune Republike Srpske (\u201cSlu\u017ebeni glasnik Republike Srpske\u201d broj <a href=\"http:\/\/bih-chm-cbd.ba\/wp-content\/uploads\/2021\/01\/12uredbacrvenalista-142-12.pdf\" target=\"_blank\" rel=\"noopener noreferrer\">124\/12<\/a>)<br \/>\nPravilnik o slu\u017ebenoj uniformi legitimaciji i upotrebi slu\u017ebenog naoru\u017eanja slu\u017ebe nadzora u nacionalnom parku (\u201cSlu\u017ebeni glasnik Republike Srpske\u201d broj <a href=\"http:\/\/bih-chm-cbd.ba\/wp-content\/uploads\/2021\/01\/13Pravilnik_o_sluzbenoj_uniformi-83-11.pdf\" target=\"_blank\" rel=\"noopener noreferrer\">83\/11<\/a>)<br \/>\nPravilnik o unutra\u0161njem redu u nacionalnom parku (\u201cSlu\u017ebeni glasnik Republike Srpske\u201d broj <a href=\"http:\/\/bih-chm-cbd.ba\/wp-content\/uploads\/2021\/01\/14Pravilnik_o_unutrasnjem_redu_u_nacionalnom_parku-83-11.pdf\" target=\"_blank\" rel=\"noopener noreferrer\">83\/11<\/a>)<br \/>Pravilnik o na\u010dinu uspostavljanja i upravljanja informativnim sistemom za za\u0161titu prirode i sistem pra\u0107enja (\u201cSlu\u017ebeni glasnik Republike Srpske\u201d broj <a href=\"http:\/\/bih-chm-cbd.ba\/wp-content\/uploads\/2021\/01\/16Pravilnik_o_nacinu_uspostavljanja-informacionim-sistemom-85-05.pdf\">85\/05<\/a>)<\/p>\n<h4 class=\"normal fusion-responsive-typography-calculated\" style=\"text-align: justify; line-height: 1.03; --fontSize:18; --minFontSize:18;\" data-fontsize=\"18\" data-lineheight=\"18.54px\"><strong><span lang=\"EN-GB\">Br\u010dko Distrikt<\/span><\/strong><\/h4>\n<p>Zakon o za\u0161titi \u017eivotne sredine (\u201cSlu\u017ebeni glasnik Br\u010dko distrikta BiH\u201d, broj <a href=\"http:\/\/bih-chm-cbd.ba\/wp-content\/uploads\/2021\/01\/1a-24-04-Zakon-o-zastiti-zivotne-sredine.pdf\" target=\"_blank\" rel=\"noopener noreferrer\">24\/04<\/a>, <a href=\"http:\/\/bih-chm-cbd.ba\/wp-content\/uploads\/2021\/01\/1b-05-Zakon-o-izmjenama-i-dopunama-Zakona-o-zastiti-zivotne-sredine.pdf\" target=\"_blank\" rel=\"noopener noreferrer\">01\/05<\/a>, <a href=\"http:\/\/bih-chm-cbd.ba\/wp-content\/uploads\/2021\/01\/1c-19-07-Zakon-o-izmjenama-Zakona-o-zastiti-zivotne-sredine.pdf\" target=\"_blank\" rel=\"noopener noreferrer\">19\/07<\/a>, <a href=\"http:\/\/bih-chm-cbd.ba\/wp-content\/uploads\/2021\/01\/1d-09-09-Zakon-o-izmjenama-i-dopunama-zakona-o-zastiti-zivotne-sredine.pdf\">09\/09<\/a>)<br \/>\nZakon o za\u0161titi prirode (\u201cSlu\u017ebeni glasnik Br\u010dko distrikta BiH\u201d, broj <a href=\"http:\/\/bih-chm-cbd.ba\/wp-content\/uploads\/2021\/01\/2a-24-04-Zakon-o-zastiti-prirode.pdf\">24\/04<\/a>, <a href=\"http:\/\/bih-chm-cbd.ba\/wp-content\/uploads\/2021\/01\/2b-01-05-Zakon-o-izmjenama-i-dopunama-Zakona-o-zastiti-prirode.pdf\">01\/05<\/a>, <a href=\"http:\/\/bih-chm-cbd.ba\/wp-content\/uploads\/2021\/01\/2c-19-07-Zakon-o-izmjenama-Zakona-o-zastiti-prirode.pdf\">19\/07<\/a>, <a href=\"http:\/\/bih-chm-cbd.ba\/wp-content\/uploads\/2021\/01\/2d-09-09-Zakon-o-izmjenama-i-dopunama-zakona-o-zastiti-prirode.pdf\">09\/09<\/a>)<br \/>\nZakon o za\u0161titi voda (\u201cSlu\u017ebeni glasnik Br\u010dko distrikta BiH\u201d, broj <a href=\"http:\/\/bih-chm-cbd.ba\/wp-content\/uploads\/2021\/01\/3a-25-04-Zakon-o-zastiti-voda.pdf\">25\/04<\/a>, <a href=\"http:\/\/bih-chm-cbd.ba\/wp-content\/uploads\/2021\/01\/3b-01-05-Zakon-o-izmjenama-i-dopunama-Zakona-o-zastiti-voda.pdf\" target=\"_blank\" rel=\"noopener noreferrer\">1\/05<\/a>, <a href=\"http:\/\/bih-chm-cbd.ba\/wp-content\/uploads\/2021\/01\/3c-19-07-Zakon-o-izjenama-i-dopunama-Zakona-o-zastiti-voda.pdf\">19\/07<\/a>)<br \/>\nZakon o \u0161umama Br\u010dko distrikta BiH (\u201cSlu\u017ebeni glasnik Br\u010dko distrikta BiH\u201d, broj <a href=\"http:\/\/bih-chm-cbd.ba\/wp-content\/uploads\/2021\/01\/4a-14-10-Zakon-o-sumama-Brcko-distrikta-BiH.pdf\">14\/10<\/a>, <a href=\"http:\/\/bih-chm-cbd.ba\/wp-content\/uploads\/2021\/01\/4b-26-16-Zakon-o-izmjenama-Zakona-o-sumamam-Brcko-distrikta-BiH.pdf\">26\/16<\/a>)<br \/>\nZakon o upravljanju otpadom \u2013 <a href=\"http:\/\/bih-chm-cbd.ba\/wp-content\/uploads\/2021\/01\/5-22-18-Zakon-o-upravljanju-otpadom-procisceni-tekst-B.pdf\">Pre\u010di\u0161\u0107eni tekst<\/a> (\u201cSlu\u017ebeni glasnik Br\u010dko distrikta BiH\u201d, broj 25\/04, 1\/05, 19\/07, 2\/08, 9\/09)<br \/>\nStrategija za\u0161tite \u017eivotne sredine Br\u010dko distrikta BiH za period <a href=\"http:\/\/bih-chm-cbd.ba\/wp-content\/uploads\/2021\/01\/6Strategija-zastita-zivotne-sredine_bos-2016.pdf\" target=\"_blank\" rel=\"noopener noreferrer\">2016-2026<\/a> \u010diji sastavni dio \u010dini i Strategija za\u0161tite prirode<\/p>\n<\/div><\/div><\/div><style type=\"text\/css\">.fusion-body .fusion-builder-column-0{width:50% !important;margin-top : 0px;margin-bottom : 20px;}.fusion-builder-column-0 > .fusion-column-wrapper {padding-top : 0px !important;padding-right : 0px !important;margin-right : 3.84%;padding-bottom : 0px !important;padding-left : 0px !important;margin-left : 3.84%;}@media only screen and (max-width:1024px) {.fusion-body .fusion-builder-column-0{width:100% !important;order : 0;}.fusion-builder-column-0 > .fusion-column-wrapper {margin-right : 1.92%;margin-left : 1.92%;}}@media only screen and (max-width:640px) {.fusion-body .fusion-builder-column-0{width:100% !important;order : 0;}.fusion-builder-column-0 > .fusion-column-wrapper {margin-right : 1.92%;margin-left : 1.92%;}}<\/style><div class=\"fusion-layout-column fusion_builder_column fusion-builder-column-1 fusion_builder_column_1_2 1_2 fusion-flex-column\"><div class=\"fusion-column-wrapper fusion-flex-justify-content-flex-start fusion-content-layout-column\" style=\"background-position:left top;background-repeat:no-repeat;-webkit-background-size:cover;-moz-background-size:cover;-o-background-size:cover;background-size:cover;padding: 0px 0px 0px 0px;\"><div class=\"fusion-text fusion-text-2\" style=\"color:#000000;\"><h4 data-fontsize=\"18\" data-lineheight=\"33.66px\" class=\"fusion-responsive-typography-calculated\" style=\"--fontSize:18; line-height: 1.87; --minFontSize:18;\"><strong>Pravni okvir Evropske Unije<\/strong><\/h4>\n<p>Direktiva Savjeta <a href=\"http:\/\/bih-chm-cbd.ba\/wp-content\/uploads\/2021\/01\/Direktiva-flora-stanista-hr.pdf\">92\/43\/EEZ<\/a> od 21. maja 1992. godine o konzervaciji prirodnih stani\u0161ta i divlje faune i flore, uz izmjene iz Direktiva 97\/62\/EZ i 2006\/105\/EZ i Uredbe (EZ) 1882\/2003 \u2013 Direktiva o o\u010duvanju prirodnih stani\u0161ta i divlje faune i flore<\/p>\n<p>Direktiva <a href=\"http:\/\/bih-chm-cbd.ba\/wp-content\/uploads\/2021\/01\/Direktiva-ptice-hr.pdf\">2009\/147\/EZ<\/a> Evropskog parlamenta i Savjeta od 30. novembra 2009. godine o konzervaciji divljih ptica (kodifikovana verzija Direktive 79\/406\/EZ i njenih izmjena) &#8211; Direktiva o o\u010duvanju divljih ptica<\/p>\n<p>Uredba Savjeta (EZ) br. 338\/97 od 9. decembra 1996. godine o za\u0161titi vrsta divlje faune i flore putem regulacije trgovine istima, izmijenjena Uredbama (EZ) 938\/97, 2307\/97, 2214\/98, 1476\/99, 2724\/2000, 1579\/2001, 2476\/2001, 1497\/2003, 1882\/2003, 834\/2004, 252\/2005 i 1332\/2005, 318\/2008, 398\/2009, 407\/2009 i (EU) 101\/2012,<\/p>\n<p>Uredbe Komisije (EZ) 865\/2006 o detaljnim pravilima za provo\u0111enje Uredbe Savjeta (EZ) 338\/97 &#8211; Provedbene uredbe Komisije (EU) 792\/2012 od 23. avgusta 2012. o pravilima za izgled i sadr\u017eaj dozvola, potvrda i drugih dokumenata navedenih u Uredbi Savjeta 338\/97 o za\u0161titi vrsta divlje faune i flore putem regulacije trgovine istima o izmjenama i dopunama Uredbe Komisije 865\/2006 &#8211; Uredba Komisije (EU) br. 791\/2012 od 23. avgusta 2012. godine o odre\u0111enim odredbama o trgovini vrstama divlje faune i flore, Uredba (EZ) br. 865\/2006 o detaljnim pravilima za provedbu Uredbe Savjeta (EZ) br. 338\/97<\/p>\n<p>Direktiva Savjeta <a href=\"http:\/\/bih-chm-cbd.ba\/wp-content\/uploads\/2021\/01\/Direktiva-o-ZOO-hr.pdf\">1999\/22\/EZ<\/a> od 29. marta 1999. godine o dr\u017eanju divljih \u017eivotinja u zoolo\u0161kim vrtovima<\/p>\n<p>Uredba Savjeta (EEZ) br. 3254\/91 od 4. novembra 1991. godine o zabrani upotrebe no\u017enih klopki unutar Zajednice i uno\u0161enja u Zajednicu ko\u017ea i proizvoda napravljenih od pojedinih vrsta divljih \u017eivotinja porijeklom iz zemalja u kojima se ove \u017eivotinje love no\u017enim i drugim klopkama koje ne odgovaraju me\u0111unarodnim standardima za humane klopke<\/p>\n<p><a href=\"http:\/\/bih-chm-cbd.ba\/wp-content\/uploads\/2021\/01\/EU-Staretgija-biodiverzitet-2030-hr.pdf\">Strategija Evropske unije  za za\u0161titu biodiverziteta 2030<\/a><\/p>\n<p>Strategija Evropske unije  za za\u0161titu biodiverziteta 2030 \u2013 <a href=\"http:\/\/bih-chm-cbd.ba\/wp-content\/uploads\/2021\/01\/EU-STrategija-za-biodiverzitet-2030-prilog.pdf\">Prilog<\/a><\/p>\n<\/div><\/div><\/div><style type=\"text\/css\">.fusion-body .fusion-builder-column-1{width:50% !important;margin-top : 0px;margin-bottom : 20px;}.fusion-builder-column-1 > .fusion-column-wrapper {padding-top : 0px !important;padding-right : 0px !important;margin-right : 3.84%;padding-bottom : 0px !important;padding-left : 0px !important;margin-left : 3.84%;}@media only screen and (max-width:1024px) {.fusion-body .fusion-builder-column-1{width:100% !important;order : 0;}.fusion-builder-column-1 > .fusion-column-wrapper {margin-right : 1.92%;margin-left : 1.92%;}}@media only screen and (max-width:640px) {.fusion-body .fusion-builder-column-1{width:100% !important;order : 0;}.fusion-builder-column-1 > .fusion-column-wrapper {margin-right : 1.92%;margin-left : 1.92%;}}<\/style><\/div><style type=\"text\/css\">.fusion-body .fusion-flex-container.fusion-builder-row-1{ padding-top : 0px;margin-top : 0px;padding-right : 0px;padding-bottom : 0px;margin-bottom : 0px;padding-left : 0px;}<\/style><\/div>\n","protected":false},"excerpt":{"rendered":"","protected":false},"author":1,"featured_media":0,"parent":0,"menu_order":0,"comment_status":"closed","ping_status":"closed","template":"","meta":{"_bbp_topic_count":0,"_bbp_reply_count":0,"_bbp_total_topic_count":0,"_bbp_total_reply_count":0,"_bbp_voice_count":0,"_bbp_anonymous_reply_count":0,"_bbp_topic_count_hidden":0,"_bbp_reply_count_hidden":0,"_bbp_forum_subforum_count":0},"_links":{"self":[{"href":"http:\/\/bih-chm-cbd.ba\/index.php?rest_route=\/wp\/v2\/pages\/3717"}],"collection":[{"href":"http:\/\/bih-chm-cbd.ba\/index.php?rest_route=\/wp\/v2\/pages"}],"about":[{"href":"http:\/\/bih-chm-cbd.ba\/index.php?rest_route=\/wp\/v2\/types\/page"}],"author":[{"embeddable":true,"href":"http:\/\/bih-chm-cbd.ba\/index.php?rest_route=\/wp\/v2\/users\/1"}],"replies":[{"embeddable":true,"href":"http:\/\/bih-chm-cbd.ba\/index.php?rest_route=%2Fwp%2Fv2%2Fcomments&post=3717"}],"version-history":[{"count":34,"href":"http:\/\/bih-chm-cbd.ba\/index.php?rest_route=\/wp\/v2\/pages\/3717\/revisions"}],"predecessor-version":[{"id":4145,"href":"http:\/\/bih-chm-cbd.ba\/index.php?rest_route=\/wp\/v2\/pages\/3717\/revisions\/4145"}],"wp:attachment":[{"href":"http:\/\/bih-chm-cbd.ba\/index.php?rest_route=%2Fwp%2Fv2%2Fmedia&parent=3717"}],"curies":[{"name":"wp","href":"https:\/\/api.w.org\/{rel}","templated":true}]}}