{"id":3715,"date":"2020-10-14T23:16:32","date_gmt":"2020-10-14T23:16:32","guid":{"rendered":"http:\/\/bih-chm-cbd.ba\/?page_id=3715"},"modified":"2020-11-09T23:29:11","modified_gmt":"2020-11-09T23:29:11","slug":"saradnja","status":"publish","type":"page","link":"http:\/\/bih-chm-cbd.ba\/?page_id=3715&lang=bs","title":{"rendered":"Saradnja"},"content":{"rendered":"<h4>NATURA 2000<\/h4>\n<p>Direktiva o pticama i Direktiva o stani\u0161tima (Directive 2009\/147\/EC, Directive 92\/43\/EEC, te Direktiva o za\u0161titi prirodnih stani\u0161ta i divlje faune i flore) \u010dine temelj Evropske politike o za\u0161titi prirode. U sredi\u0161tu ove dvije Direktive je stvaranje mre\u017ee podru\u010dja \u2013 NATURA 2000. U 2007. godini, WWF-ov Mediteranski program (MedPO) pokrenuo je projekat \u201c\u017divu\u0107e srce Evrope\u201d kojim se pru\u017ea podr\u0161ka primjeni Evropske ekolo\u0161ke mre\u017ee Natura 2000 u BiH. Cilj je bio podr\u017eati institucije Bosne i Hercegovine u preuzimanju i primjeni odredbi Direktive o pticama i Direktive o stani\u0161tima kroz entiteske zakone o za\u0161titi prirode. Op\u0107i cilj je bio doprinijeti ekolo\u0161ki odr\u017eivom ekonomskom razvoju kroz pribli\u017eavanje nacionalnih standarda i ja\u010danje administrativnih struktura, te pobolj\u0161ati uskla\u0111ivanje sa acquis-em u oblasti za\u0161tite okoli\u0161a.<\/p>\n<p>Najva\u017eniji rezultati projekta su razvoj geografskog informacionog sistema (GIS), Pregled flore, faune i stani\u0161ta, te interaktivna mapa Natura 2000 u Bosni i Hercegovini. Pregled flore, faune i stani\u0161ta prisutnih u BiH, u vezi s EU Dodacima I i II Direktive o stani\u0161tima, koji \u0107e biti osnov za odre\u0111ivanje budu\u0107ih podru\u010dja Natura 2000, predstavlja dragocjen korak naprijed u procesu prikupljanja podataka i pra\u0107enja stanja prirode u BiH. Zaklju\u010dak projekta bio je da raznolikost stani\u0161ta i vrsta, kao i njihova ogromna ra\u0161irenost u BiH, jo\u0161 uvijek zahtijevaju zna\u010dajan obim prikupljanja podataka. U smislu budu\u0107eg upravljanja, podru\u010dja Natura 2000 bi trebalo da budu uklju\u010dena u proces prostornog planiranja. To je prvi korak ka prili\u010dno dugom procesu odre\u0111ivanja podru\u010dja u skladu sa nacionalnim zakonima. Me\u0111utim, \u010dak i utvr\u0111enim podru\u010djima nedostaje odgovaraju\u0107e upravljanje i stvarna za\u0161tita.<\/p>\n<h4>Parkovi Dinarskog luka<\/h4>\n<p>Dinarski luk je podru\u010dje jugoisto\u010dne Europe koje pokriva nekih 100.000 km2 i vi\u0161e od 6.000 km obale, prote\u017eu\u0107i se preko cijelog podru\u010dja okrenutog prema Jadranskom moru od Trsta (Italija) do Tirane (Albanija). Po\u010detkom 2012. godine, WWF je pokrenuo projekat Parkovi Dinarskog luka, s ciljem stvaranja saveza parkova prirode na teritoriji Albanije, Bosne i Hercegovine, Hrvatske, Kosova*, Makedonije, Crne Gore, Srbije i Slovenije. Taj trogodi\u0161nji projekat finansiraju Ministartstvo inostranih poslova Norve\u0161ke i Fondacija MAVA. Glavni cilj projekta \u201cParkovi Dinarskog luka\u201d jeste stvaranje platforme za\u0161ti\u0107enih podru\u010dja kroz povezivanje svih parkova prirode i nacionalnih parkova u Albaniji, Bosni i Hercegovini, Hrvatskoj, Kosovu*, Makedoniji, Crnoj Gori, Srbiji i Sloveniji. Projektne aktivnosti \u0107e pomo\u0107i da se uspostavi suradnja sa privatnim sektorom i unaprijedi svakodnevno poslovanje putem razmjene iskustava i primjera dobre prakse.<\/p>\n","protected":false},"excerpt":{"rendered":"<p>NATURA 2000 Direktiva o pticama i Direktiva o stani\u0161tima (Directive 2009\/147\/EC, Directive 92\/43\/EEC, te Direktiva o za\u0161titi prirodnih stani\u0161ta i divlje faune i flore) \u010dine temelj Evropske politike o za\u0161titi prirode. U sredi\u0161tu ove dvije Direktive je stvaranje mre\u017ee podru\u010dja \u2013 NATURA 2000. U 2007. godini, WWF-ov Mediteranski program (MedPO) pokrenuo je projekat \u201c\u017divu\u0107e srce [&hellip;]<\/p>\n","protected":false},"author":1,"featured_media":0,"parent":0,"menu_order":0,"comment_status":"closed","ping_status":"closed","template":"","meta":{"_bbp_topic_count":0,"_bbp_reply_count":0,"_bbp_total_topic_count":0,"_bbp_total_reply_count":0,"_bbp_voice_count":0,"_bbp_anonymous_reply_count":0,"_bbp_topic_count_hidden":0,"_bbp_reply_count_hidden":0,"_bbp_forum_subforum_count":0},"_links":{"self":[{"href":"http:\/\/bih-chm-cbd.ba\/index.php?rest_route=\/wp\/v2\/pages\/3715"}],"collection":[{"href":"http:\/\/bih-chm-cbd.ba\/index.php?rest_route=\/wp\/v2\/pages"}],"about":[{"href":"http:\/\/bih-chm-cbd.ba\/index.php?rest_route=\/wp\/v2\/types\/page"}],"author":[{"embeddable":true,"href":"http:\/\/bih-chm-cbd.ba\/index.php?rest_route=\/wp\/v2\/users\/1"}],"replies":[{"embeddable":true,"href":"http:\/\/bih-chm-cbd.ba\/index.php?rest_route=%2Fwp%2Fv2%2Fcomments&post=3715"}],"version-history":[{"count":2,"href":"http:\/\/bih-chm-cbd.ba\/index.php?rest_route=\/wp\/v2\/pages\/3715\/revisions"}],"predecessor-version":[{"id":3838,"href":"http:\/\/bih-chm-cbd.ba\/index.php?rest_route=\/wp\/v2\/pages\/3715\/revisions\/3838"}],"wp:attachment":[{"href":"http:\/\/bih-chm-cbd.ba\/index.php?rest_route=%2Fwp%2Fv2%2Fmedia&parent=3715"}],"curies":[{"name":"wp","href":"https:\/\/api.w.org\/{rel}","templated":true}]}}